{"id":15373,"date":"2020-04-11T02:43:15","date_gmt":"2020-04-11T07:43:15","guid":{"rendered":"https:\/\/elserafinhotel.com\/politica-privacidad\/"},"modified":"2020-08-05T14:27:02","modified_gmt":"2020-08-05T19:27:02","slug":"privacy-policy","status":"publish","type":"page","link":"https:\/\/elserafinhotel.com\/en\/privacy-policy\/","title":{"rendered":"Privacy Policy"},"content":{"rendered":"<div id=\"cmsmasters_row_myslsobyis\" class=\"cmsmasters_row cmsmasters_color_scheme_default cmsmasters_row_top_default cmsmasters_row_bot_default cmsmasters_row_boxed\">\n<div class=\"cmsmasters_row_outer_parent\">\n<div class=\"cmsmasters_row_outer\">\n<div class=\"cmsmasters_row_inner\">\n<div class=\"cmsmasters_row_margin\">\n<div id=\"cmsmasters_column_fhq0w87tes\" class=\"cmsmasters_column one_first\">\n<div class=\"cmsmasters_column_inner\"><div class=\"aligncenter\"><div class=\"cmsmasters_img  cmsmasters_image_c\" data-animation=\"fadeIn\" data-delay=\"0\"><img decoding=\"async\" src=\"https:\/\/elserafinhotel.com\/wp-content\/uploads\/2020\/04\/logo-s-hotel-el-serafin-02.png\" \/><\/div><\/div><div id=\"cmsmasters_heading_w4doitanxp\" class=\"cmsmasters_heading_wrap cmsmasters_heading_align_center\">\n\t<h1 class=\"cmsmasters_heading\">El Serafin!<\/h1>\n<\/div><div id=\"cmsmasters_heading_cmdhwdqjy9\" class=\"cmsmasters_heading_wrap cmsmasters_heading_align_center\">\n\t<h6 class=\"cmsmasters_heading\">The beauty of the antique with the comfort of the new.<\/h6>\n<\/div><div id=\"cmsmasters_heading_rys0qvbo86\" class=\"cmsmasters_heading_wrap cmsmasters_heading_align_center\">\n\t<h6 class=\"cmsmasters_heading\">An intimate, relaxing place full of romanticism.<\/h6>\n<\/div>\n<\/div><\/div>\n<\/div>\n<\/div>\n<\/div>\n<\/div>\n<\/div>\n<div id=\"cmsmasters_row_svi3ikwbe\" class=\"cmsmasters_row cmsmasters_color_scheme_default cmsmasters_row_top_default cmsmasters_row_bot_default cmsmasters_row_boxed\">\n<div class=\"cmsmasters_row_outer_parent\">\n<div class=\"cmsmasters_row_outer\">\n<div class=\"cmsmasters_row_inner\">\n<div class=\"cmsmasters_row_margin\">\n<div id=\"cmsmasters_column_t1nj0rd4fr\" class=\"cmsmasters_column one_first\">\n<div class=\"cmsmasters_column_inner\">\n<div id=\"cmsmasters_divider_t9n1bpjpc\" class=\"cmsmasters_divider cmsmasters_divider_width_medium cmsmasters_divider_pos_center\"><\/div>\n<\/div><\/div>\n<\/div>\n<\/div>\n<\/div>\n<\/div>\n<\/div>\n<div id=\"cmsmasters_row_wj5vqjkve\" class=\"cmsmasters_row cmsmasters_color_scheme_default cmsmasters_row_top_default cmsmasters_row_bot_default cmsmasters_row_boxed\">\n<div class=\"cmsmasters_row_outer_parent\">\n<div class=\"cmsmasters_row_outer\">\n<div class=\"cmsmasters_row_inner\">\n<div class=\"cmsmasters_row_margin\">\n<div id=\"cmsmasters_column_qqmta41xo\" class=\"cmsmasters_column one_first\">\n<div class=\"cmsmasters_column_inner\"><div class=\"cmsmasters_text\">\n<h2 style=\"text-align: center;\">INFORMACI\u00d3N LEGAL Y POL\u00cdTICAS DE USO<\/h2>\n<p>El uso de este sitio web o cualquiera de sus servicios, le otorga al visitante la caracter\u00edstica de USUARIO, as\u00ed el uso queda bajo su exclusiva y estricta responsabilidad, por lo que esta organizaci\u00f3n no ser\u00e1 en ning\u00fan momento y bajo ninguna circunstancia, responsable por cualquier desperfecto o problema que se presentar\u00e1 en el equipo de c\u00f3mputo (hardware) o programas de c\u00f3mputo (software) que utilice el Usuario para acceder o navegar en cualquier parte del sitio.<\/p>\n<p>En el caso de que cualquier usuario considere que cualquiera de los contenidos del sitio violan sus derechos de propiedad intelectual deber\u00e1 contactarnos por medio de correo electr\u00f3nico <strong>serafinhotel@gmail.com<\/strong>, y su correo deber\u00e1 contener lo siguiente:<\/p>\n<ul>\n<li>Datos personales.<\/li>\n<li>Indicaci\u00f3n de los contenidos protegidos mediante los derechos de propiedad intelectual supuestamente infringidos, as\u00ed como de su localizaci\u00f3n en el sitio.<\/li>\n<li>Declaraci\u00f3n expresa y clara de que la introducci\u00f3n de los contenidos indicados se ha realizado sin el consentimiento del titular bajo la responsabilidad del reclamante de que la informaci\u00f3n proporcionada en la notificaci\u00f3n es exacta y de que la introducci\u00f3n de los contenidos constituye una violaci\u00f3n de sus derechos de propiedad intelectual.<\/li>\n<\/ul>\n<p><strong>elserafinhotel.com<\/strong> se compromete a mantener discreci\u00f3n con toda aquella informaci\u00f3n confidencial, privada o semiprivada que sea remitida a la secci\u00f3n de contacto, o intercambio de correos electr\u00f3nicos entre sus visitantes\/usuarios. Enti\u00e9ndase como informaci\u00f3n confidencial toda aquella que se refiera a los datos personales de los usuarios, cualquier forma de contacto e informaci\u00f3n sobre su caso en espec\u00edfico. Este sitio respeta la confidencialidad de los datos relativos a usuarios y visitantes, incluyendo su identidad personal. El propietario de este sitio Web se compromete a cumplir los requisitos legales de privacidad de la informaci\u00f3n electr\u00f3nica que se aplican en M\u00e9xico.<\/p>\n<p>De los contenidos utilizados en el sitio, los recursos gr\u00e1ficos son de producci\u00f3n propia o adquirida. Aquellos que sean utilizados como referencia, ser\u00e1n debidamente documentados para el uso de esta p\u00e1gina. La p\u00e1gina es exclusivamente informativa y funciona como una forma de contacto directa con la empresa y sus representantes.<\/p>\n<h2 style=\"text-align: center;\">AVISO DE PRIVACIDAD<\/h2>\n<p>En cumplimiento a la Ley Federal de Protecci\u00f3n de Datos Personales en Posesi\u00f3n de los Particulares (la \u201cLey\u201d), <strong>elserafinhotel.com<\/strong> con domicilio en Calle Independencia 22, Centro, 76000 Santiago de Quer\u00e9taro, Qro. es responsable de recabar sus datos personales, del uso que se le d\u00e9 a los mismos y de su protecci\u00f3n, as\u00ed como los t\u00e9rminos y condiciones del Aviso de Privacidad de Datos Personales.<\/p>\n<p>Los datos personales que recopilamos ser\u00e1n destinamos \u00fanicamente a los siguientes prop\u00f3sitos: proveer los servicios y productos que ha solicitado; notificarle sobre nuevos servicios o productos que tengan relaci\u00f3n con los ya contratados o adquiridos; comunicarle sobre cambios en los mismos; elaborar estudios y programas que son necesarios para determinar h\u00e1bitos de consumo; realizar evaluaciones peri\u00f3dicas de nuestros productos y servicios a efecto de mejorar la calidad de los mismos; evaluar la calidad del servicio que brindamos, y en general, para dar cumplimiento a las obligaciones que hemos contra\u00eddo con usted.<\/p>\n<p>Para las finalidades antes mencionadas, los datos personales, solicitados, obtenidos, recabados y resguardados son los siguientes:<\/p>\n<ul>\n<li>Nombre completo<\/li>\n<li>Tel\u00e9fono fijo y\/o celular<\/li>\n<li>Correo electr\u00f3nico<\/li>\n<li>Direcci\u00f3n o lugar de residencia<\/li>\n<\/ul>\n<p>Mismos que han sido proporcionados para contactarle inicialmente, adem\u00e1s estos podr\u00e1n ser recabamos cuando usted nos los proporcione directamente, cuando visite nuestro sitio de internet o utilice nuestros servicios en l\u00ednea.<\/p>\n<p>De los contenidos utilizados en el sitio, los recursos gr\u00e1ficos son de producci\u00f3n propia o adquirida. Aquellos que sean utilizados como referencia, ser\u00e1n debidamente documentados para el uso de esta p\u00e1gina. La p\u00e1gina es exclusivamente informativa y funciona como una forma de contacto directa con la empresa y sus representantes.<\/p>\n<p><strong>elserafinhotel.com<\/strong> tiene implementadas medidas de seguridad administrativas, t\u00e9cnicas y f\u00edsicas para proteger sus datos personales, mismas que igualmente exigimos sean cumplidas por los miembros de nuestro equipos. Usted tiene derecho de acceder, rectificar y cancelar sus datos personales, as\u00ed como de oponerse al tratamiento de los mismos o revocar el consentimiento que para tal fin nos haya otorgado, a trav\u00e9s de los procedimientos que hemos implementado, esto en cualquier momento.<\/p>\n<p>Para conocer dichos procedimientos, los requisitos y plazos, se puede poner en contacto con nuestro departamento de datos personales a trav\u00e9s de nuestro correo electr\u00f3nico <strong>serafinhotel@gmail.com<\/strong> con atenci\u00f3n a Direcci\u00f3n, tel\u00e9fono (442) 212 8999, o bien de la siguiente manera: Enviando una solicitud v\u00eda correo electr\u00f3nico que deber\u00e1 contener por lo menos:<\/p>\n<p>(a) nombre y domicilio u otro medio para comunicarle la respuesta a su solicitud;\/li&gt;<br \/>\n(b) los documentos que acrediten su identidad o, en su caso, la representaci\u00f3n legal;<br \/>\n(c) la descripci\u00f3n clara y precisa de los datos personales respecto de los que se solicita ejercer alguno de los derechos;<br \/>\n(d) la manifestaci\u00f3n expresa para revocar su consentimiento al tratamiento de sus datos personales y por tanto, para que no se usen;<br \/>\n(e) cualquier otro elemento que facilite la localizaci\u00f3n de los datos personales.<br \/>\nTendremos un plazo m\u00e1ximo de respuesta de 5 d\u00eda h\u00e1biles a partir de la recepci\u00f3n de la informaci\u00f3n completa antes solicitada.<\/p>\n<p>As\u00ed mismo le informamos que elserafinhotel.com no realizar\u00e1 transferencia de sus datos personales a terceros. Nos reservamos el derecho de efectuar en cualquier momento modificaciones o actualizaciones al presente aviso de privacidad, para la atenci\u00f3n de novedades legislativas o jurisprudenciales, pol\u00edticas internas, nuevos requerimientos para la prestaci\u00f3n u ofrecimiento de nuestros servicios o productos y pr\u00e1cticas del mercado. Estas modificaciones estar\u00e1n disponibles al p\u00fablico a trav\u00e9s de los siguientes medios:<\/p>\n<p>(i)Tr\u00edpticos o folletos disponibles;<br \/>\n(ii) en nuestro sitio en Internet [elserafinhotel.com secci\u00f3n AVISO DE PRIVACIDAD];<br \/>\n(iii) o se las haremos llegar al \u00faltimo correo electr\u00f3nico que nos haya proporcionado.<\/p>\n<p><strong>AVISO GENERADO DE ACUERDO A LO ESTABLECIDO POR LOS LINEAMIENTOS DEL IFAI, CON LA GUIA DE GENERACI\u00d3N DEL MISMO.<\/strong><\/p>\n<p><a href=\"http:\/\/inicio.ifai.org.mx\/SitePages\/ifai.aspx\">www.ifai.org.mx<\/a><\/p>\n<p>La fecha de la \u00faltima actualizaci\u00f3n al presente aviso de privacidad:<br \/>\n[25\/04\/ 2020]<\/p>\n<\/div>\n<\/div><\/div>\n<\/div>\n<\/div>\n<\/div>\n<\/div>\n<\/div>\n\n","protected":false},"excerpt":{"rendered":"","protected":false},"author":2,"featured_media":0,"parent":0,"menu_order":0,"comment_status":"closed","ping_status":"closed","template":"","meta":{"footnotes":""},"class_list":["post-15373","page","type-page","status-publish","hentry"],"_links":{"self":[{"href":"https:\/\/elserafinhotel.com\/en\/wp-json\/wp\/v2\/pages\/15373","targetHints":{"allow":["GET"]}}],"collection":[{"href":"https:\/\/elserafinhotel.com\/en\/wp-json\/wp\/v2\/pages"}],"about":[{"href":"https:\/\/elserafinhotel.com\/en\/wp-json\/wp\/v2\/types\/page"}],"author":[{"embeddable":true,"href":"https:\/\/elserafinhotel.com\/en\/wp-json\/wp\/v2\/users\/2"}],"replies":[{"embeddable":true,"href":"https:\/\/elserafinhotel.com\/en\/wp-json\/wp\/v2\/comments?post=15373"}],"version-history":[{"count":3,"href":"https:\/\/elserafinhotel.com\/en\/wp-json\/wp\/v2\/pages\/15373\/revisions"}],"predecessor-version":[{"id":15450,"href":"https:\/\/elserafinhotel.com\/en\/wp-json\/wp\/v2\/pages\/15373\/revisions\/15450"}],"wp:attachment":[{"href":"https:\/\/elserafinhotel.com\/en\/wp-json\/wp\/v2\/media?parent=15373"}],"curies":[{"name":"wp","href":"https:\/\/api.w.org\/{rel}","templated":true}]}}